{"id":13,"date":"2025-01-16T23:16:44","date_gmt":"2025-01-17T02:16:44","guid":{"rendered":"https:\/\/abiauto.com.br\/?page_id=13"},"modified":"2025-01-20T16:03:07","modified_gmt":"2025-01-20T19:03:07","slug":"associados","status":"publish","type":"page","link":"https:\/\/abiauto.com.br\/index.php\/associados\/","title":{"rendered":"Associados"},"content":{"rendered":"\n<h3 class=\"wp-block-heading\"><strong>Associados da ABIAUTO<\/strong><\/h3>\n\n\n\n<h4 class=\"wp-block-heading\"><strong>Jornalistas e seus ve\u00edculos de comunica\u00e7\u00e3o<\/strong><\/h4>\n\n\n\n<ol class=\"wp-block-list\">\n<li><strong>Alex Ruffo<\/strong> \u2013 <em>M\u00e1quinas na Pan (Jovem Pan)<\/em> \u2013 <strong>SP<\/strong><br><a href=\"https:\/\/jovempan.com.br\/programas\/maquinas-na-pan\">Site oficial<\/a><\/li>\n\n\n\n<li><strong>Amauri Yamazaki<\/strong> \u2013 <em>Revista HG, Jornal Nikkey, site S\u00e3o Paulo Shimbun<\/em> (ambos descontinuados) \u2013 <strong>SP<\/strong><br><a href=\"https:\/\/revistahg.com.br\/\">Site oficial<\/a><\/li>\n\n\n\n<li><strong>Ana C\u00e9lia Arag\u00e3o<\/strong> \u2013 <em>Motor Mais<\/em> \u2013 <strong>PI<\/strong><br><a href=\"https:\/\/motormais.com\/\">Site oficial<\/a><\/li>\n\n\n\n<li><strong>Antonio Carlos Silva<\/strong> \u2013 <em>TV Massa<\/em> \u2013 <strong>PR<\/strong><\/li>\n\n\n\n<li><strong>Ant\u00f4nio Fraga<\/strong> \u2013 <em>AutoOn\/Sport Motor<\/em> \u2013 <strong>SP<\/strong><\/li>\n\n\n\n<li><strong>Arnaldo Moreira<\/strong> \u2013 <em>Blog do Arnaldo Moreira<\/em> \u2013 <strong>RJ<\/strong><\/li>\n\n\n\n<li><strong>Carolina Vilanova<\/strong> \u2013 <em>Oficina News e Frete Urbano<\/em> \u2013 <strong>SP<\/strong><br><a href=\"https:\/\/www.oficinanews.com.br\/\">Oficina News<\/a><br><a href=\"https:\/\/www.revistafreteurbano.com.br\/\">Frete Urbano<\/a><\/li>\n\n\n\n<li><strong>C\u00e9lia Murgel<\/strong> \u2013 <em>MotorCar<\/em> \u2013 <strong>SP<\/strong><\/li>\n\n\n\n<li><strong>Chico Lelis<\/strong> \u2013 <em>Coluna Hist\u00f3ria e Est\u00f3rias<\/em> \u2013 <strong>SP<\/strong><\/li>\n\n\n\n<li><strong>Douglas Mendon\u00e7a<\/strong> \u2013 <em>Carros e Garagem<\/em> \u2013 <strong>SP<\/strong><br><a href=\"https:\/\/www.carrosegaragem.com.br\/\">Site oficial<\/a><\/li>\n\n\n\n<li><strong>Edson Ragassi<\/strong> \u2013 <em>AutoAgora.com.br\/Revista Repara\u00e7\u00e3o Automotiva<\/em> \u2013 <strong>SP<\/strong><br><a href=\"https:\/\/reparacaoautomotiva.com.br\/\">Site oficial<\/a><\/li>\n\n\n\n<li><strong>Eduardo Abbas<\/strong> \u2013 <em>Site Borracha TV<\/em> \u2013 <strong>SP<\/strong><br><a href=\"https:\/\/borrachatv.blogspot.com\/\">Site oficial<\/a><\/li>\n\n\n\n<li><strong>Eduardo Godinho<\/strong> \u2013 <em>Carros e Cons\u00f3rcios e TV Auto<\/em> \u2013 <strong>BA<\/strong><\/li>\n\n\n\n<li><strong>Emilio Camanzi<\/strong> \u2013 <em>Carros com Camanzi<\/em> \u2013 <strong>MG<\/strong><br><a href=\"https:\/\/carroscomcamanzi.com.br\/\">Site oficial<\/a><\/li>\n\n\n\n<li><strong>Ernesto Zanon<\/strong> \u2013 <em>GuarulhosWeb<\/em> \u2013 <strong>SP<\/strong><br><a href=\"https:\/\/guarulhosweb.com.br\/\">Site oficial<\/a><\/li>\n\n\n\n<li><strong>Evandro Magnusson Filho<\/strong> \u2013 <em>Jornal Votura<\/em> \u2013 <strong>SP<\/strong><\/li>\n\n\n\n<li><strong>Fabio Amorim<\/strong> \u2013 <em>Gazeta de Alagoas<\/em> \u2013 <strong>AL<\/strong><br><a href=\"https:\/\/d.gazetadealagoas.com.br\/\">Site oficial<\/a><\/li>\n\n\n\n<li><strong>Fernando Campos<\/strong> \u2013 <em>Rodas e Motores<\/em> \u2013 <strong>GO<\/strong><br><a href=\"https:\/\/rodasemotores.com.br\/\">Site oficial<\/a><\/li>\n\n\n\n<li><strong>Freire Neto<\/strong> \u2013 <em>Motores e A\u00e7\u00e3o | Blog do Freire | CBN<\/em> \u2013 <strong>RN<\/strong><br><a href=\"https:\/\/motoreseacao.com\/\">Site oficial<\/a><\/li>\n\n\n\n<li><strong>Gabriel Marazzi<\/strong> \u2013 <em>Revista Cultura do Autom\u00f3vel<\/em> \u2013 <strong>SP<\/strong><\/li>\n\n\n\n<li><strong>Jo\u00e3o Otaz\u00fa<\/strong> \u2013 <em>Auto Jornal<\/em> \u2013 <strong>SP<\/strong><\/li>\n\n\n\n<li><strong>Jo\u00e3o Euclides<\/strong> \u2013 <em>Jornal da Savassi<\/em> \u2013 <strong>MG<\/strong><br><a href=\"http:\/\/www.jornaldasavassi.com.br\/\">Site oficial<\/a><\/li>\n\n\n\n<li><strong>Jo\u00e3o Mendes<\/strong> \u2013 <em>Mem\u00f3ria Motor<\/em> \u2013 <strong>RJ<\/strong><br><a href=\"https:\/\/www.memoriamotor.com.br\/\">Site oficial<\/a><\/li>\n\n\n\n<li><strong>Jorge Meditsch<\/strong> \u2013 <em>AutoEstrada<\/em> \u2013 <strong>SC<\/strong><\/li>\n\n\n\n<li><strong>Licinaira Barroso<\/strong> \u2013 <em>AutoPista<\/em> \u2013 <strong>MG<\/strong><br><a href=\"https:\/\/autopista.com.br\/\">Site oficial<\/a><\/li>\n\n\n\n<li><strong>Marcondes Viana<\/strong> \u2013 <em>Revista Chic<\/em> \u2013 <strong>CE<\/strong><br><a href=\"https:\/\/revistachic.com.br\/\">Site oficial<\/a><\/li>\n\n\n\n<li><strong>Norton Luiz Ferreira<\/strong> \u2013 (sem ve\u00edculo indicado) \u2013 <strong>GO<\/strong><\/li>\n\n\n\n<li><strong>Paulo Brand\u00e3o<\/strong> \u2013 <em>TV Auto<\/em> \u2013 <strong>BA<\/strong><\/li>\n\n\n\n<li><strong>Paulo Cruz<\/strong> \u2013 <em>Agro Motor Brasil<\/em> \u2013 <strong>MS<\/strong><\/li>\n\n\n\n<li><strong>Paulo Rog\u00e9rio<\/strong> \u2013 <em>Revista Auto Aventura<\/em> \u2013 <strong>SP<\/strong><\/li>\n\n\n\n<li><strong>Ricardo Caruso<\/strong> \u2013 <em>Autos e T\u00e9cnica<\/em> \u2013 <strong>SP<\/strong><\/li>\n\n\n\n<li><strong>Ricardo Vasconcellos<\/strong> \u2013 <em>CBN Auto<\/em> \u2013 <strong>BA<\/strong><\/li>\n\n\n\n<li><strong>Roberto Costa<\/strong> \u2013 <em>Auto e M\u00e1quinas<\/em> \u2013 <strong>CE<\/strong><\/li>\n\n\n\n<li><strong>Selma Moraes<\/strong> \u2013 <em>Bahia Motor<\/em> \u2013 <strong>BA<\/strong><\/li>\n\n\n\n<li><strong>Silvio Porto<\/strong> \u2013 <em>Dirigindoautos<\/em> \u2013 <strong>SP<\/strong><\/li>\n\n\n\n<li><strong>Tarcisio Dias Ara\u00fajo<\/strong> \u2013 <em>Mec\u00e2nica Online<\/em> \u2013 <strong>PE<\/strong><br><a href=\"https:\/\/mecanicaonline.com.br\/\">Site oficial<\/a><\/li>\n\n\n\n<li><strong>Wanderley Faria<\/strong> \u2013 <em>O Popular<\/em> \u2013 <strong>GO<\/strong><br><a href=\"https:\/\/opopular.com.br\/\">Site oficial<\/a><\/li>\n<\/ol>\n\n\n\n<p>A ABIAUTO conta com associados espalhados por diversos estados brasileiros. Esses profissionais representam os principais ve\u00edculos de comunica\u00e7\u00e3o do Brasil, fortalecendo ainda mais a relev\u00e2ncia da associa\u00e7\u00e3o no cen\u00e1rio automotivo.<\/p>\n\n\n\n<div class=\"wp-block-uagb-advanced-heading uagb-block-eff8a521\"><h2 class=\"uagb-heading-text\"><strong>Torne-se um Associado ABIAUTO<\/strong> <\/h2><\/div>\n\n\n\n<p>Para se associar \u00e0 ABIAUTO, \u00e9 necess\u00e1rio ser um jornalista ou profissional da imprensa com atua\u00e7\u00e3o comprovada no setor automotivo, mediante apresenta\u00e7\u00e3o de portf\u00f3lio, mat\u00e9rias publicadas, registro profissional (MTB, se aplic\u00e1vel) ou outros documentos que atestem a atividade profissional. <\/p>\n\n\n\n<p>S\u00e3o eleg\u00edveis para associa\u00e7\u00e3o jornalistas, rep\u00f3rteres, editores, fot\u00f3grafos, cinegrafistas, assessores de imprensa e outros profissionais que atuam na cobertura do setor automotivo em ve\u00edculos de comunica\u00e7\u00e3o impressos, online, r\u00e1dio, TV e outras plataformas.<\/p>\n\n\n\n<p><strong>Processo de Inscri\u00e7\u00e3o:<\/strong><\/p>\n\n\n\n<ol class=\"wp-block-list\">\n<li>Entre em contato com a ABIAUTO atrav\u00e9s do e-mail <strong>contato@abiauto.com.br<\/strong> para solicitar a ficha de inscri\u00e7\u00e3o.<\/li>\n\n\n\n<li>Preencha a ficha com as informa\u00e7\u00f5es solicitadas.<\/li>\n\n\n\n<li>Envie a ficha preenchida juntamente com a documenta\u00e7\u00e3o comprobat\u00f3ria para o e-mail <strong>contato@abiauto.com.br<\/strong>.<\/li>\n\n\n\n<li>Aguarde a an\u00e1lise da sua inscri\u00e7\u00e3o pela diretoria da ABIAUTO.<\/li>\n<\/ol>\n\n\n\n<p><strong>Benef\u00edcios de ser um associado ABIAUTO:<\/strong><\/p>\n\n\n\n<ul class=\"wp-block-list\">\n<li>Possibilidade de participar do Pr\u00eamio Imprensa Automotiva como jurado.<\/li>\n\n\n\n<li>Acesso a eventos exclusivos da ABIAUTO.<\/li>\n\n\n\n<li>Networking com outros profissionais do setor.<\/li>\n\n\n\n<li>Divulga\u00e7\u00e3o do seu trabalho no site da ABIAUTO.<\/li>\n\n\n\n<li>Participa\u00e7\u00e3o em debates e discuss\u00f5es sobre o futuro do setor automotivo.<\/li>\n\n\n\n<li>Fortalecimento da representatividade da imprensa automotiva no Brasil.<\/li>\n<\/ul>\n\n\n\n<p><strong>Contato:<\/strong><\/p>\n\n\n\n<ul class=\"wp-block-list\">\n<li>E-mail: <strong>contato@abiauto.com.br<\/strong> <br>Entre em contato conosco hoje mesmo e fa\u00e7a parte da ABIAUTO!<\/li>\n<\/ul>\n","protected":false},"excerpt":{"rendered":"<p>Associados da ABIAUTO Jornalistas e seus ve\u00edculos de comunica\u00e7\u00e3o A ABIAUTO conta com associados espalhados por diversos estados brasileiros. Esses profissionais representam os principais ve\u00edculos de comunica\u00e7\u00e3o do Brasil, fortalecendo ainda mais a relev\u00e2ncia da associa\u00e7\u00e3o no cen\u00e1rio automotivo. Para se associar \u00e0 ABIAUTO, \u00e9 necess\u00e1rio ser um jornalista ou profissional da imprensa com atua\u00e7\u00e3o&hellip;&nbsp;<a href=\"https:\/\/abiauto.com.br\/index.php\/associados\/\" rel=\"bookmark\">Continue a ler &raquo;<span class=\"screen-reader-text\">Associados<\/span><\/a><\/p>\n","protected":false},"author":1,"featured_media":0,"parent":0,"menu_order":0,"comment_status":"closed","ping_status":"closed","template":"","meta":{"neve_meta_sidebar":"","neve_meta_container":"","neve_meta_enable_content_width":"","neve_meta_content_width":0,"neve_meta_title_alignment":"","neve_meta_author_avatar":"","neve_post_elements_order":"","neve_meta_disable_header":"","neve_meta_disable_footer":"","neve_meta_disable_title":"","footnotes":""},"class_list":["post-13","page","type-page","status-publish","hentry"],"_links":{"self":[{"href":"https:\/\/abiauto.com.br\/index.php\/wp-json\/wp\/v2\/pages\/13","targetHints":{"allow":["GET"]}}],"collection":[{"href":"https:\/\/abiauto.com.br\/index.php\/wp-json\/wp\/v2\/pages"}],"about":[{"href":"https:\/\/abiauto.com.br\/index.php\/wp-json\/wp\/v2\/types\/page"}],"author":[{"embeddable":true,"href":"https:\/\/abiauto.com.br\/index.php\/wp-json\/wp\/v2\/users\/1"}],"replies":[{"embeddable":true,"href":"https:\/\/abiauto.com.br\/index.php\/wp-json\/wp\/v2\/comments?post=13"}],"version-history":[{"count":5,"href":"https:\/\/abiauto.com.br\/index.php\/wp-json\/wp\/v2\/pages\/13\/revisions"}],"predecessor-version":[{"id":350,"href":"https:\/\/abiauto.com.br\/index.php\/wp-json\/wp\/v2\/pages\/13\/revisions\/350"}],"wp:attachment":[{"href":"https:\/\/abiauto.com.br\/index.php\/wp-json\/wp\/v2\/media?parent=13"}],"curies":[{"name":"wp","href":"https:\/\/api.w.org\/{rel}","templated":true}]}}